{"id":22,"date":"2018-12-26T15:21:15","date_gmt":"2018-12-26T15:21:15","guid":{"rendered":"http:\/\/lgv.simone-stockmar.de\/?page_id=22"},"modified":"2025-12-08T12:00:35","modified_gmt":"2025-12-08T11:00:35","slug":"aktuelles","status":"publish","type":"page","link":"https:\/\/lgviersen.de\/","title":{"rendered":"Aktuelles"},"content":{"rendered":"\n<p class=\"has-very-light-gray-color has-midnight-gradient-background has-text-color has-background has-link-color wp-elements-a053d418399f8c6fbd7429148e1f4582\">NEWS<\/p>\n\n\n\n<p>Die Mutter-Vater-Kind-Turngruppe in der Sporthalle K\u00f6rnerschule muss aktuell von Montag auf Dienstag ausweichen, Uhrzeit von 16.00 Uhr bis 17. Uhr! Alina D\u00f6mges leitet diese Gruppe. Alle Interessierten k\u00f6nnen sich gerne bei Alina melden per <a href=\"mailto:alina.doemges@lg-viersen.de\"><strong>Mail <\/strong><\/a>.<br>Ab Ende Februar 2026 wird die Gruppe voraussichtlich wieder auf den Montag zur\u00fcckwechseln.<\/p>\n\n\n\n<p class=\"has-text-align-center has-very-light-gray-color has-text-color has-background has-medium-font-size\" style=\"background-color:#0679e6\"><strong>Termine 2025<\/strong><\/p>\n\n\n\n<p class=\"has-text-align-center has-vivid-cyan-blue-color has-text-color has-small-font-size\"><\/p>\n\n\n\n<p class=\"has-vivid-cyan-blue-color has-text-color has-link-color wp-elements-3cbfba3ccabf1d3dbae609ce7a59b92f\"><strong>Sonntag, 7.12.2025 Sportlerehrung in der Halle &#8222;L\u00f6h&#8220; am EvR<\/strong><\/p>\n\n\n\n<p>Am Sonntag, 07.12.25 fand die diesj\u00e4hrige Sportlerehrung der LGV in der vorweihnachtlich geschm\u00fcckten Aula des EvR statt. Wir konnten viele zu ehrende Kinder und Jugendliche auf der B\u00fchne begr\u00fc\u00dfen.<\/p>\n\n\n\n<p>Neben 33 golden, 22 silbernen und 26 bronzenen Sportabzeichen haben 68 Kinder das Kinderbewegungsabzeichen (Kibaz) erfolgreich abgeschlossen. <\/p>\n\n\n\n<p>Als <strong>Mannschaft des Jahres <\/strong>wurde die KiLa Mannschaft der U 12 mit Marylin, Janne, Anna-Lena, Lysanne, Nick, Konstantin, Elias, Aldin, Paul und Sam geehrt, die beim Jochen-Appenrodt Pokal dieses Jahr in der Gesamtwertung den 8. Platz gemacht hat. Die Kinder haben beim Weitsprung den zweiten Platz erreicht und mussten sich nur um 2 cm gegen\u00fcber dem ersten Platz geschlagen geben. Bei der H\u00fcrden-Staffel erk\u00e4mpften sie sich den 3. Platz.<\/p>\n\n\n\n<p>Nachwuchssportlerin des Jahres wurde <strong>Anna-Lena Baumeister<\/strong>. Sie sprintet die 50m 7,51s schnell und springt eine beachtliche Weite von 4,36m. <\/p>\n\n\n\n<p>Sch\u00fclerin des Jahres wurde <strong>Marylin Aihebholoria<\/strong> und Sch\u00fcler des Jahres <strong>Nick Heer<\/strong>. <\/p>\n\n\n\n<p>Sie konnten beide an die Leistungen des Vorjahres ankn\u00fcpfen und sprangen eine sensationelle Weite von 4,51m (Marylin) und 4,52m (Nick) und sprinten die 50 m in 7,41s (Marylin) und 7,46s (Nick). <\/p>\n\n\n\n<p>Sportler des Jahres wurde <strong>Bela Undorf<\/strong>. <\/p>\n\n\n\n<p>Mit einer Weite von 6,24m gewann er die Regions-Hallenmeisterschaften und wurde mit einer Weite von 6,34m bei den Nordrhein-Meisterschaften 6. F\u00fcr den n\u00e4chsten Sommer plant er seinen ersten Zehnkampf. <\/p>\n\n\n\n<p><br><a href=\"https:\/\/1drv.ms\/f\/c\/c5360a272b47cd89\/IgB87f1pe2PkT7ThgRXid9MrAbcMw0l003hxFkf-W5on2Us?e=1Pe1oB\" target=\"_blank\" rel=\"noreferrer noopener\">Hier geht es zu den Impressionen der Veranstaltung.<\/a><br>Die LGV w\u00fcnscht Allen eine entspannte Weihnachtszeit.<br><\/p>\n\n\n<style>.wp-block-kadence-advancedheading.kt-adv-heading22_1375b6-99, .wp-block-kadence-advancedheading.kt-adv-heading22_1375b6-99[data-kb-block=\"kb-adv-heading22_1375b6-99\"]{font-style:normal;}.wp-block-kadence-advancedheading.kt-adv-heading22_1375b6-99 mark.kt-highlight, .wp-block-kadence-advancedheading.kt-adv-heading22_1375b6-99[data-kb-block=\"kb-adv-heading22_1375b6-99\"] mark.kt-highlight{font-style:normal;color:#8ed1fc;-webkit-box-decoration-break:clone;box-decoration-break:clone;padding-top:0px;padding-right:0px;padding-bottom:0px;padding-left:0px;}.wp-block-kadence-advancedheading.kt-adv-heading22_1375b6-99 img.kb-inline-image, .wp-block-kadence-advancedheading.kt-adv-heading22_1375b6-99[data-kb-block=\"kb-adv-heading22_1375b6-99\"] img.kb-inline-image{width:150px;vertical-align:baseline;}<\/style>\n<h4 class=\"kt-adv-heading22_1375b6-99 wp-block-kadence-advancedheading has-vivid-cyan-blue-color has-text-color\" data-kb-block=\"kb-adv-heading22_1375b6-99\"><strong>Samstag, 11. Oktober 2025 &#8211; 78. Viersener Herbstwaldlauf &#8222;Rund um den Bismarckturm&#8220;<\/strong><\/h4>\n\n\n\n<p>Hier geht es zu den Ergebnissen und Urkunden. <a href=\"https:\/\/my.raceresult.com\/317422\/registration\" target=\"_blank\" rel=\"noreferrer noopener\">Ergebnisse \/ Urkunden<\/a><br>Wir bedanken uns bei \u00fcber 300 Finishern, <a href=\"https:\/\/1drv.ms\/f\/c\/c5360a272b47cd89\/Evaqd9tEEyxNpshH7R9VZIwBF78jy00iep3UDin2D9kPXg?e=n4HmbM\" target=\"_blank\" rel=\"noreferrer noopener\">viele Bilder vom Tage gibt es hier<\/a>. Die vollst\u00e4ndige Ergebnisliste ist <a href=\"https:\/\/lgviersen.de\/wp-content\/uploads\/2025\/10\/251011-Herbstwaldlauf.pdf\" target=\"_blank\" rel=\"noreferrer noopener\">hier verf\u00fcgbar<\/a>.<\/p>\n\n\n\n<p class=\"has-text-align-center has-vivid-cyan-blue-color has-text-color has-small-font-size\"><\/p>\n\n\n\n<p class=\"has-text-align-center has-very-light-gray-color has-text-color has-background has-medium-font-size\" style=\"background-color:#0679e6\"><strong>Volleyball<\/strong><\/p>\n\n\n\n<div class=\"wp-block-group\"><div class=\"wp-block-group__inner-container is-layout-constrained wp-block-group-is-layout-constrained\">\n<p class=\"has-vivid-cyan-blue-color has-text-color\"><strong>Dienstags um 20 Uhr spielt unsere Hobby-Gruppe! Kommt dazu und spielt mit! Das Training findet in der Sporthalle der Anne-Frank-Gesamtschule auf der Rahserstra\u00dfe statt. Ansprechpartnerin ist Judith Laubach!<\/strong> <br><strong>Wir suchen Hobby-Spielerinnen und Spieler ab 16 Jahren, die Lust und Laune haben ab sofort ein- oder zweimal die Woche in geselliger Runde ohne Wettkampf-Charakter Volleyball zu spielen.<\/strong><\/p>\n\n\n\n<p>Alle Interessierten k\u00f6nnen sich gerne bei Judith entweder per <a href=\"mailto:judith.laubach@lg-viersen.de\"><strong>Mail <\/strong><\/a>oder per Handy \/ WhatsApp unter 01573 6259642 anmelden. Judith wird sich dann um die Details und Fragen gerne k\u00fcmmern sowie mit euch beim ersten Training alles weitere besprechen.<\/p>\n\n\n\n<p><\/p>\n\n\n\n<p class=\"has-very-light-gray-color has-text-color has-background has-medium-font-size\" style=\"background-color:#0679e6\"><strong>NEWS<\/strong> &#8211; Training Deutsches Sportabzeichen startet wieder nach den Osterferien!!<\/p>\n\n\n\n<p>Wir treffen uns jeden (NEU!!!) <strong>Montag <\/strong>um 18: 30 Uhr im Stadion Hoher Busch. <br><br>F\u00fcr weitere Fragen steht die \u00dcbungsleiterin Silke Brandes per <a href=\"mailto:silke.brandes@lg-viersen.de\" data-type=\"mailto\" data-id=\"mailto:\" target=\"_blank\" rel=\"noreferrer noopener\"><strong>Mail <\/strong><\/a>zur Verf\u00fcgung.<\/p>\n<\/div><\/div>\n\n\n\n<p class=\"has-text-align-center has-very-light-gray-color has-text-color has-background has-medium-font-size\" style=\"background-color:#0679e6\"><strong>Veranstaltungen 202<\/strong>4<\/p>\n\n\n\n<p class=\"has-very-light-gray-color has-text-color has-background\" style=\"background-color:#0679e6\"><strong>Sponsoring-Partner der LG 1947 Viersen e.V.<\/strong><\/p>\n\n\n\n<figure class=\"wp-block-image\"><img loading=\"lazy\" decoding=\"async\" width=\"1024\" height=\"617\" src=\"http:\/\/lgv.simone-stockmar.de\/wp-content\/uploads\/2018\/12\/Sparkasse-1024x617.jpg\" alt=\"\" class=\"wp-image-344\" srcset=\"https:\/\/lgviersen.de\/wp-content\/uploads\/2018\/12\/Sparkasse-1024x617.jpg 1024w, https:\/\/lgviersen.de\/wp-content\/uploads\/2018\/12\/Sparkasse-300x181.jpg 300w, https:\/\/lgviersen.de\/wp-content\/uploads\/2018\/12\/Sparkasse-768x463.jpg 768w, https:\/\/lgviersen.de\/wp-content\/uploads\/2018\/12\/Sparkasse-448x270.jpg 448w\" sizes=\"auto, (max-width: 1024px) 100vw, 1024px\" \/><\/figure>\n\n\n\n<figure class=\"wp-block-image size-large\"><img loading=\"lazy\" decoding=\"async\" width=\"1024\" height=\"168\" src=\"https:\/\/lgviersen.de\/wp-content\/uploads\/2024\/05\/logo-250-70-1024x168.png\" alt=\"\" class=\"wp-image-10885\" srcset=\"https:\/\/lgviersen.de\/wp-content\/uploads\/2024\/05\/logo-250-70-1024x168.png 1024w, https:\/\/lgviersen.de\/wp-content\/uploads\/2024\/05\/logo-250-70-300x49.png 300w, https:\/\/lgviersen.de\/wp-content\/uploads\/2024\/05\/logo-250-70-768x126.png 768w, https:\/\/lgviersen.de\/wp-content\/uploads\/2024\/05\/logo-250-70-604x99.png 604w, https:\/\/lgviersen.de\/wp-content\/uploads\/2024\/05\/logo-250-70-1038x171.png 1038w, https:\/\/lgviersen.de\/wp-content\/uploads\/2024\/05\/logo-250-70.png 1041w\" sizes=\"auto, (max-width: 1024px) 100vw, 1024px\" \/><\/figure>\n\n\n\n<figure class=\"wp-block-image size-large\"><img loading=\"lazy\" decoding=\"async\" width=\"1024\" height=\"257\" src=\"https:\/\/lgviersen.de\/wp-content\/uploads\/2023\/10\/NEW_Viersen_Logo_RGB_RZ-1024x257.jpg\" alt=\"\" class=\"wp-image-10824\" srcset=\"https:\/\/lgviersen.de\/wp-content\/uploads\/2023\/10\/NEW_Viersen_Logo_RGB_RZ-1024x257.jpg 1024w, https:\/\/lgviersen.de\/wp-content\/uploads\/2023\/10\/NEW_Viersen_Logo_RGB_RZ-300x75.jpg 300w, https:\/\/lgviersen.de\/wp-content\/uploads\/2023\/10\/NEW_Viersen_Logo_RGB_RZ-768x193.jpg 768w, https:\/\/lgviersen.de\/wp-content\/uploads\/2023\/10\/NEW_Viersen_Logo_RGB_RZ-1536x385.jpg 1536w, https:\/\/lgviersen.de\/wp-content\/uploads\/2023\/10\/NEW_Viersen_Logo_RGB_RZ-604x152.jpg 604w, https:\/\/lgviersen.de\/wp-content\/uploads\/2023\/10\/NEW_Viersen_Logo_RGB_RZ.jpg 1642w\" sizes=\"auto, (max-width: 1024px) 100vw, 1024px\" \/><\/figure>\n\n\n\n<div class=\"wp-block-group\"><div class=\"wp-block-group__inner-container is-layout-constrained wp-block-group-is-layout-constrained\"><\/div><\/div>\n\n\n\n<p class=\"has-very-light-gray-color has-text-color has-background has-medium-font-size\" style=\"background-color:#0679e6\">NEWS<\/p>\n\n\n\n<p class=\"has-text-align-right\"><\/p>\n\n\n\n<p><\/p>\n","protected":false},"excerpt":{"rendered":"<p>NEWS Die Mutter-Vater-Kind-Turngruppe in der Sporthalle K\u00f6rnerschule muss aktuell von Montag auf Dienstag ausweichen, Uhrzeit von 16.00 Uhr bis 17. Uhr! Alina D\u00f6mges leitet diese Gruppe. Alle Interessierten k\u00f6nnen sich gerne bei Alina melden per Mail .Ab Ende Februar 2026 wird die Gruppe voraussichtlich wieder auf den Montag zur\u00fcckwechseln. Termine 2025 Sonntag, 7.12.2025 Sportlerehrung in der Halle &#8222;L\u00f6h&#8220; am EvR Am Sonntag, 07.12.25 fand die diesj\u00e4hrige Sportlerehrung der LGV in der vorweihnachtlich geschm\u00fcckten Aula des EvR statt. Wir konnten viele&#8230;<\/p>\n<p class=\"read-more\"><a class=\"btn btn-default\" href=\"https:\/\/lgviersen.de\/\">Weiterlesen<span class=\"screen-reader-text\"> Weiterlesen<\/span><\/a><\/p>\n","protected":false},"author":1,"featured_media":0,"parent":0,"menu_order":0,"comment_status":"closed","ping_status":"closed","template":"","meta":{"footnotes":""},"class_list":["post-22","page","type-page","status-publish","hentry"],"_links":{"self":[{"href":"https:\/\/lgviersen.de\/index.php?rest_route=\/wp\/v2\/pages\/22","targetHints":{"allow":["GET"]}}],"collection":[{"href":"https:\/\/lgviersen.de\/index.php?rest_route=\/wp\/v2\/pages"}],"about":[{"href":"https:\/\/lgviersen.de\/index.php?rest_route=\/wp\/v2\/types\/page"}],"author":[{"embeddable":true,"href":"https:\/\/lgviersen.de\/index.php?rest_route=\/wp\/v2\/users\/1"}],"replies":[{"embeddable":true,"href":"https:\/\/lgviersen.de\/index.php?rest_route=%2Fwp%2Fv2%2Fcomments&post=22"}],"version-history":[{"count":585,"href":"https:\/\/lgviersen.de\/index.php?rest_route=\/wp\/v2\/pages\/22\/revisions"}],"predecessor-version":[{"id":11065,"href":"https:\/\/lgviersen.de\/index.php?rest_route=\/wp\/v2\/pages\/22\/revisions\/11065"}],"wp:attachment":[{"href":"https:\/\/lgviersen.de\/index.php?rest_route=%2Fwp%2Fv2%2Fmedia&parent=22"}],"curies":[{"name":"wp","href":"https:\/\/api.w.org\/{rel}","templated":true}]}}