{"id":161,"date":"2018-12-26T21:30:26","date_gmt":"2018-12-26T21:30:26","guid":{"rendered":"http:\/\/lgv.simone-stockmar.de\/?page_id=161"},"modified":"2025-02-06T13:55:55","modified_gmt":"2025-02-06T12:55:55","slug":"sportabzeichen-erwachsene","status":"publish","type":"page","link":"https:\/\/lgviersen.de\/?page_id=161","title":{"rendered":"Sportabzeichen Erwachsene"},"content":{"rendered":"\n<p>Das Training beginnt nach den Osterferien und endet mit den Herbstferien und findet immer Montags von 18:30 Uhr bis 19:30 Uhr im Stadion Hoher Busch statt.<\/p>\n\n\n\n<p><\/p>\n\n\n\n<h4 class=\"wp-block-heading\"><strong>Leitung:&nbsp;Silke Brandes<\/strong><\/h4>\n\n\n\n<h4 class=\"wp-block-heading\"><strong>Organisation: Angelika Gehlen&nbsp;<\/strong><\/h4>\n\n\n\n<p><\/p>\n\n\n\n<p>Zu Beginn jeden Trainings w\u00e4rmt sich die Gruppe gemeinsam  mit Einlaufen und Gymnastik auf. Da die Gruppe durch mehrere  \u00dcbungsleiterinnen betreut wird, kann sie sich anschlie\u00dfend in kleinen  Trainingsgruppen zu den verschiedenen Disziplinen begeben. Hier  versuchen die Teilnehmer nun, die Bedingungen f\u00fcr das Deutsche  Sportabzeichen zu erf\u00fcllen.<br>Es gibt die 4&nbsp;Bereiche: Ausdauer, Kraft, Schnelligkeit und Koordination!<br>Aus  jedem Bereich muss eine Disziplin erfolgreich erbracht werden! Der Grad  der Anforderung richtet sich nach dem Alter des Sportlers. <\/p>\n\n\n\n<p class=\"has-text-color\" style=\"color:#0679e6\">Die  Bedingungen f\u00fcr das Sportabzeichen finden Sie <a href=\"http:\/\/lgviersen.de\/wp-content\/uploads\/2019\/03\/DSA_Leistungsuebersicht_Erwachsene_A4_2019.pdf\">hier<\/a>.<\/p>\n\n\n\n<p>Die Teilnahme am Training und die Abnahme ist auch\u00a0f\u00fcr &#8222;Nicht-Vereinsmitglieder&#8220; m\u00f6glich. Zu einigen Berufsausbildungen, z.B.\u00a0bei der Polizei, ist der Nachweis des Sportabzeichens notwendig. F\u00fcr die Abnahme ist f\u00fcr Nicht-Mitglieder vor Ort eine kleine Aufwandsentsch\u00e4digung zu entrichten. Pro \u00dcbungsabend werden zwei der vier Bereiche des Deutschen Sportabzeichens angeboten. <\/p>\n\n\n\n<p><\/p>\n\n\n\n<h4 class=\"wp-block-heading\">Ansprechpartnerin: Angelika Gehlen Telefon 02162-21919&nbsp;&nbsp;<\/h4>\n\n\n\n<p><\/p>\n","protected":false},"excerpt":{"rendered":"<p>Das Training beginnt nach den Osterferien und endet mit den Herbstferien und findet immer Montags von 18:30 Uhr bis 19:30 Uhr im Stadion Hoher Busch statt. Leitung:&nbsp;Silke Brandes Organisation: Angelika Gehlen&nbsp; Zu Beginn jeden Trainings w\u00e4rmt sich die Gruppe gemeinsam mit Einlaufen und Gymnastik auf. Da die Gruppe durch mehrere \u00dcbungsleiterinnen betreut wird, kann sie sich anschlie\u00dfend in kleinen Trainingsgruppen zu den verschiedenen Disziplinen begeben. Hier versuchen die Teilnehmer nun, die Bedingungen f\u00fcr das Deutsche Sportabzeichen zu erf\u00fcllen.Es gibt die&#8230;<\/p>\n<p class=\"read-more\"><a class=\"btn btn-default\" href=\"https:\/\/lgviersen.de\/?page_id=161\">Weiterlesen<span class=\"screen-reader-text\"> Weiterlesen<\/span><\/a><\/p>\n","protected":false},"author":1,"featured_media":0,"parent":0,"menu_order":0,"comment_status":"closed","ping_status":"closed","template":"","meta":{"footnotes":""},"class_list":["post-161","page","type-page","status-publish","hentry"],"_links":{"self":[{"href":"https:\/\/lgviersen.de\/index.php?rest_route=\/wp\/v2\/pages\/161","targetHints":{"allow":["GET"]}}],"collection":[{"href":"https:\/\/lgviersen.de\/index.php?rest_route=\/wp\/v2\/pages"}],"about":[{"href":"https:\/\/lgviersen.de\/index.php?rest_route=\/wp\/v2\/types\/page"}],"author":[{"embeddable":true,"href":"https:\/\/lgviersen.de\/index.php?rest_route=\/wp\/v2\/users\/1"}],"replies":[{"embeddable":true,"href":"https:\/\/lgviersen.de\/index.php?rest_route=%2Fwp%2Fv2%2Fcomments&post=161"}],"version-history":[{"count":20,"href":"https:\/\/lgviersen.de\/index.php?rest_route=\/wp\/v2\/pages\/161\/revisions"}],"predecessor-version":[{"id":10986,"href":"https:\/\/lgviersen.de\/index.php?rest_route=\/wp\/v2\/pages\/161\/revisions\/10986"}],"wp:attachment":[{"href":"https:\/\/lgviersen.de\/index.php?rest_route=%2Fwp%2Fv2%2Fmedia&parent=161"}],"curies":[{"name":"wp","href":"https:\/\/api.w.org\/{rel}","templated":true}]}}