{"id":141,"date":"2018-12-26T21:06:43","date_gmt":"2018-12-26T21:06:43","guid":{"rendered":"http:\/\/lgv.simone-stockmar.de\/?page_id=141"},"modified":"2025-11-26T13:27:08","modified_gmt":"2025-11-26T12:27:08","slug":"trainingszeiten-erwachsene","status":"publish","type":"page","link":"https:\/\/lgviersen.de\/?page_id=141","title":{"rendered":"Trainingszeiten Erwachsene"},"content":{"rendered":"\n<h3 class=\"wp-block-heading has-vivid-cyan-blue-color has-text-color\">Nordic Walking<\/h3>\n\n\n\n<p>Montag, 18:00 &#8211; 19:30 Uhr<br>Mittwoch, 18:00 &#8211; 19:30 Uhr<br>Treffpunkt: Parkplatz &#8222;Stadion Hoher Busch&#8220;<br>Leitung: Dieter Stapel &#8211; <a href=\"mailto:Dieter.Stapel@LG-Viersen.DE\">Mail<\/a><br><\/p>\n\n\n\n<h3 class=\"wp-block-heading has-vivid-cyan-blue-color has-text-color\">Training f\u00fcr das Sportabzeichen<\/h3>\n\n\n\n<p>Montag, 18:30- 19:30 Uhr im Stadion Hoher Busch <br>Das Training beginnt nach den Osterferien und endet mit den Herbstferien!<br>Leitung:<br>Silke Brandes, <a href=\"mailto:Silke.Brandes@LG-Viersen.de;\">Mail<\/a><br>Hier geht es zu den Bedingungen f\u00fcr das <a aria-label=\" (\u00f6ffnet in neuem Tab)\" href=\"http:\/\/lgviersen.de\/wp-content\/uploads\/2019\/03\/DSA_Leistungsuebersicht_Erwachsene_A4_2019.pdf\" target=\"_blank\" rel=\"noreferrer noopener\">Deutsche Sportabzeichen<\/a><\/p>\n\n\n\n<h3 class=\"wp-block-heading has-vivid-cyan-blue-color has-text-color\">Fitnessgruppe \u00dc30<\/h3>\n\n\n\n<p>Das Training findet ganzj\u00e4hrig donnerstags von 19 &#8211; 20 Uhr im Stadion Hoher Busch statt.<br>Leitung:<br>Christoph Plattner, <a href=\"mailto:Christoph.Plattner@LG-Viersen.de;\">Mail<\/a><\/p>\n","protected":false},"excerpt":{"rendered":"<p>Nordic Walking Montag, 18:00 &#8211; 19:30 UhrMittwoch, 18:00 &#8211; 19:30 UhrTreffpunkt: Parkplatz &#8222;Stadion Hoher Busch&#8220;Leitung: Dieter Stapel &#8211; Mail Training f\u00fcr das Sportabzeichen Montag, 18:30- 19:30 Uhr im Stadion Hoher Busch Das Training beginnt nach den Osterferien und endet mit den Herbstferien!Leitung:Silke Brandes, MailHier geht es zu den Bedingungen f\u00fcr das Deutsche Sportabzeichen Fitnessgruppe \u00dc30 Das Training findet ganzj\u00e4hrig donnerstags von 19 &#8211; 20 Uhr im Stadion Hoher Busch statt.Leitung:Christoph Plattner, Mail<\/p>\n","protected":false},"author":1,"featured_media":0,"parent":0,"menu_order":0,"comment_status":"closed","ping_status":"closed","template":"","meta":{"footnotes":""},"class_list":["post-141","page","type-page","status-publish","hentry"],"_links":{"self":[{"href":"https:\/\/lgviersen.de\/index.php?rest_route=\/wp\/v2\/pages\/141","targetHints":{"allow":["GET"]}}],"collection":[{"href":"https:\/\/lgviersen.de\/index.php?rest_route=\/wp\/v2\/pages"}],"about":[{"href":"https:\/\/lgviersen.de\/index.php?rest_route=\/wp\/v2\/types\/page"}],"author":[{"embeddable":true,"href":"https:\/\/lgviersen.de\/index.php?rest_route=\/wp\/v2\/users\/1"}],"replies":[{"embeddable":true,"href":"https:\/\/lgviersen.de\/index.php?rest_route=%2Fwp%2Fv2%2Fcomments&post=141"}],"version-history":[{"count":9,"href":"https:\/\/lgviersen.de\/index.php?rest_route=\/wp\/v2\/pages\/141\/revisions"}],"predecessor-version":[{"id":11052,"href":"https:\/\/lgviersen.de\/index.php?rest_route=\/wp\/v2\/pages\/141\/revisions\/11052"}],"wp:attachment":[{"href":"https:\/\/lgviersen.de\/index.php?rest_route=%2Fwp%2Fv2%2Fmedia&parent=141"}],"curies":[{"name":"wp","href":"https:\/\/api.w.org\/{rel}","templated":true}]}}